{"id":956,"date":"2024-04-10T20:38:47","date_gmt":"2024-04-10T23:38:47","guid":{"rendered":"https:\/\/recauchajes.impulsify.cl\/?page_id=956"},"modified":"2024-08-12T23:55:04","modified_gmt":"2024-08-13T02:55:04","slug":"economia-circular","status":"publish","type":"page","link":"https:\/\/recauchajesminerosbailac.cl\/web\/economia-circular\/","title":{"rendered":"Econom\u00eda Circular"},"content":{"rendered":"\t\t<div data-elementor-type=\"wp-page\" data-elementor-id=\"956\" class=\"elementor elementor-956\" data-elementor-post-type=\"page\">\n\t\t\t\t\t\t<section class=\"elementor-section elementor-top-section elementor-element elementor-element-66b09fef elementor-section-boxed elementor-section-height-default elementor-section-height-default\" data-id=\"66b09fef\" data-element_type=\"section\" data-settings=\"{&quot;background_background&quot;:&quot;classic&quot;}\">\n\t\t\t\t\t\t\t<div class=\"elementor-background-overlay\"><\/div>\n\t\t\t\t\t\t\t<div class=\"elementor-container elementor-column-gap-default\">\n\t\t\t\t\t<div class=\"elementor-column elementor-col-100 elementor-top-column elementor-element elementor-element-1d5fa5df elementor-invisible\" data-id=\"1d5fa5df\" data-element_type=\"column\" data-settings=\"{&quot;animation&quot;:&quot;fadeInUp&quot;}\">\n\t\t\t<div class=\"elementor-widget-wrap elementor-element-populated\">\n\t\t\t\t\t\t<div class=\"elementor-element elementor-element-75a84d68 elementor-widget elementor-widget-heading\" data-id=\"75a84d68\" data-element_type=\"widget\" data-widget_type=\"heading.default\">\n\t\t\t\t<div class=\"elementor-widget-container\">\n\t\t\t\t\t<h2 class=\"elementor-heading-title elementor-size-default\">Econom\u00eda Circular<\/h2>\t\t\t\t<\/div>\n\t\t\t\t<\/div>\n\t\t\t\t<div class=\"elementor-element elementor-element-7462eb0 elementor-widget-divider--view-line elementor-invisible elementor-widget elementor-widget-divider\" data-id=\"7462eb0\" data-element_type=\"widget\" data-settings=\"{&quot;_animation&quot;:&quot;fadeIn&quot;}\" data-widget_type=\"divider.default\">\n\t\t\t\t<div class=\"elementor-widget-container\">\n\t\t\t\t\t\t\t<div class=\"elementor-divider\">\n\t\t\t<span class=\"elementor-divider-separator\">\n\t\t\t\t\t\t<\/span>\n\t\t<\/div>\n\t\t\t\t\t\t<\/div>\n\t\t\t\t<\/div>\n\t\t\t\t<div class=\"elementor-element elementor-element-36157949 elementor-widget elementor-widget-text-editor\" data-id=\"36157949\" data-element_type=\"widget\" data-widget_type=\"text-editor.default\">\n\t\t\t\t<div class=\"elementor-widget-container\">\n\t\t\t\t\t\t\t\t\t<p>En Bailac, nuestra esencia se alinea con la econom\u00eda circular y la Ley REP, promoviendo el recauchaje y reparaci\u00f3n de neum\u00e1ticos para minimizar residuos y conservar recursos. Nos comprometemos con pr\u00e1cticas sostenibles, demostrando que la responsabilidad ambiental y la eficiencia operativa pueden ir de la mano.<\/p>\t\t\t\t\t\t\t\t<\/div>\n\t\t\t\t<\/div>\n\t\t\t\t\t<\/div>\n\t\t<\/div>\n\t\t\t\t\t<\/div>\n\t\t<\/section>\n\t\t\t\t<section class=\"elementor-section elementor-top-section elementor-element elementor-element-10f0be03 elementor-section-content-middle elementor-reverse-mobile elementor-section-boxed elementor-section-height-default elementor-section-height-default\" data-id=\"10f0be03\" data-element_type=\"section\">\n\t\t\t\t\t\t\t<div class=\"elementor-background-overlay\"><\/div>\n\t\t\t\t\t\t\t<div class=\"elementor-container elementor-column-gap-default\">\n\t\t\t\t\t<div class=\"elementor-column elementor-col-100 elementor-top-column elementor-element elementor-element-365dc1eb elementor-invisible\" data-id=\"365dc1eb\" data-element_type=\"column\" data-settings=\"{&quot;animation&quot;:&quot;fadeIn&quot;,&quot;animation_delay&quot;:200}\">\n\t\t\t<div class=\"elementor-widget-wrap elementor-element-populated\">\n\t\t\t\t\t\t<div class=\"elementor-element elementor-element-38d8f1bf elementor-widget elementor-widget-heading\" data-id=\"38d8f1bf\" data-element_type=\"widget\" data-widget_type=\"heading.default\">\n\t\t\t\t<div class=\"elementor-widget-container\">\n\t\t\t\t\t<h2 class=\"elementor-heading-title elementor-size-default\">Procesos<\/h2>\t\t\t\t<\/div>\n\t\t\t\t<\/div>\n\t\t\t\t<div class=\"elementor-element elementor-element-c71764e elementor-widget-divider--view-line elementor-invisible elementor-widget elementor-widget-divider\" data-id=\"c71764e\" data-element_type=\"widget\" data-settings=\"{&quot;_animation&quot;:&quot;fadeIn&quot;}\" data-widget_type=\"divider.default\">\n\t\t\t\t<div class=\"elementor-widget-container\">\n\t\t\t\t\t\t\t<div class=\"elementor-divider\">\n\t\t\t<span class=\"elementor-divider-separator\">\n\t\t\t\t\t\t<\/span>\n\t\t<\/div>\n\t\t\t\t\t\t<\/div>\n\t\t\t\t<\/div>\n\t\t\t\t\t<\/div>\n\t\t<\/div>\n\t\t\t\t\t<\/div>\n\t\t<\/section>\n\t\t\t\t<section class=\"elementor-section elementor-top-section elementor-element elementor-element-aee2ecd elementor-section-content-middle elementor-reverse-mobile elementor-section-boxed elementor-section-height-default elementor-section-height-default\" data-id=\"aee2ecd\" data-element_type=\"section\">\n\t\t\t\t\t\t\t<div class=\"elementor-background-overlay\"><\/div>\n\t\t\t\t\t\t\t<div class=\"elementor-container elementor-column-gap-default\">\n\t\t\t\t\t<div class=\"elementor-column elementor-col-50 elementor-top-column elementor-element elementor-element-9bf43c5 elementor-invisible\" data-id=\"9bf43c5\" data-element_type=\"column\" data-settings=\"{&quot;animation&quot;:&quot;fadeInLeft&quot;}\">\n\t\t\t<div class=\"elementor-widget-wrap elementor-element-populated\">\n\t\t\t\t\t\t<section class=\"elementor-section elementor-inner-section elementor-element elementor-element-3cd1021 elementor-section-boxed elementor-section-height-default elementor-section-height-default\" data-id=\"3cd1021\" data-element_type=\"section\">\n\t\t\t\t\t\t<div class=\"elementor-container elementor-column-gap-default\">\n\t\t\t\t\t<div class=\"elementor-column elementor-col-100 elementor-inner-column elementor-element elementor-element-1c7f9b7 elementor-invisible\" data-id=\"1c7f9b7\" data-element_type=\"column\" data-settings=\"{&quot;background_background&quot;:&quot;classic&quot;,&quot;animation&quot;:&quot;fadeInLeft&quot;}\">\n\t\t\t<div class=\"elementor-widget-wrap elementor-element-populated\">\n\t\t\t\t\t\t<div class=\"elementor-element elementor-element-e82a099 elementor-widget elementor-widget-video\" data-id=\"e82a099\" data-element_type=\"widget\" data-settings=\"{&quot;youtube_url&quot;:&quot;https:\\\/\\\/www.youtube.com\\\/watch?v=5CLz0VYqpnc&amp;feature=youtu.be&quot;,&quot;show_image_overlay&quot;:&quot;yes&quot;,&quot;image_overlay&quot;:{&quot;url&quot;:&quot;https:\\\/\\\/recauchajesminerosbailac.cl\\\/web\\\/wp-content\\\/uploads\\\/2024\\\/04\\\/video.png&quot;,&quot;id&quot;:1788,&quot;size&quot;:&quot;&quot;,&quot;alt&quot;:&quot;&quot;,&quot;source&quot;:&quot;library&quot;},&quot;video_type&quot;:&quot;youtube&quot;,&quot;controls&quot;:&quot;yes&quot;}\" data-widget_type=\"video.default\">\n\t\t\t\t<div class=\"elementor-widget-container\">\n\t\t\t\t\t\t\t<div class=\"elementor-wrapper elementor-open-inline\">\n\t\t\t<div class=\"elementor-video\"><\/div>\t\t\t\t<div class=\"elementor-custom-embed-image-overlay\" style=\"background-image: url(https:\/\/recauchajesminerosbailac.cl\/web\/wp-content\/uploads\/2024\/04\/video.png);\">\n\t\t\t\t\t\t\t\t\t\t\t\t\t\t\t\t<div class=\"elementor-custom-embed-play\" role=\"button\" aria-label=\"Reproducir v\u00eddeo\" tabindex=\"0\">\n\t\t\t\t\t\t\t<svg aria-hidden=\"true\" class=\"e-font-icon-svg e-eicon-play\" viewBox=\"0 0 1000 1000\" xmlns=\"http:\/\/www.w3.org\/2000\/svg\"><path d=\"M838 162C746 71 633 25 500 25 371 25 258 71 163 162 71 254 25 367 25 500 25 633 71 746 163 837 254 929 367 979 500 979 633 979 746 933 838 837 929 746 975 633 975 500 975 367 929 254 838 162M808 192C892 279 933 379 933 500 933 621 892 725 808 808 725 892 621 938 500 938 379 938 279 896 196 808 113 725 67 621 67 500 67 379 108 279 196 192 279 108 383 62 500 62 621 62 721 108 808 192M438 392V642L642 517 438 392Z\"><\/path><\/svg>\t\t\t\t\t\t<\/div>\n\t\t\t\t\t\t\t\t\t<\/div>\n\t\t\t\t\t<\/div>\n\t\t\t\t\t\t<\/div>\n\t\t\t\t<\/div>\n\t\t\t\t\t<\/div>\n\t\t<\/div>\n\t\t\t\t\t<\/div>\n\t\t<\/section>\n\t\t\t\t\t<\/div>\n\t\t<\/div>\n\t\t\t\t<div class=\"elementor-column elementor-col-50 elementor-top-column elementor-element elementor-element-fe8d621 elementor-invisible\" data-id=\"fe8d621\" data-element_type=\"column\" data-settings=\"{&quot;animation&quot;:&quot;fadeIn&quot;,&quot;animation_delay&quot;:200}\">\n\t\t\t<div class=\"elementor-widget-wrap elementor-element-populated\">\n\t\t\t\t\t\t<div class=\"elementor-element elementor-element-e664ee4 elementor-widget elementor-widget-text-editor\" data-id=\"e664ee4\" data-element_type=\"widget\" data-widget_type=\"text-editor.default\">\n\t\t\t\t<div class=\"elementor-widget-container\">\n\t\t\t\t\t\t\t\t\t<p>En nuestras plantas\u00a0extendemos el ciclo de vida de los neum\u00e1ticos\u00a0otorg\u00e1ndoles m\u00e1s horas de funcionamiento, aumentando el tiempo de uso y retrasando su llegada a los botaderos.<\/p>\t\t\t\t\t\t\t\t<\/div>\n\t\t\t\t<\/div>\n\t\t\t\t<div class=\"elementor-element elementor-element-dbd5eb1 elementor-widget elementor-widget-text-editor\" data-id=\"dbd5eb1\" data-element_type=\"widget\" data-widget_type=\"text-editor.default\">\n\t\t\t\t<div class=\"elementor-widget-container\">\n\t\t\t\t\t\t\t\t\t<p>Este proceso, donde\u00a0Reparamos, Reducimos, Reutilizamos, Repensamos y Reacondicionamos, se traduce en menos costos, mayor ahorro de materias primas escasas, menor consumo de energ\u00eda, menos emisiones de CO2, menor consumo de agua y menos desechos.<\/p>\t\t\t\t\t\t\t\t<\/div>\n\t\t\t\t<\/div>\n\t\t\t\t<div class=\"elementor-element elementor-element-1153145 elementor-widget elementor-widget-text-editor\" data-id=\"1153145\" data-element_type=\"widget\" data-widget_type=\"text-editor.default\">\n\t\t\t\t<div class=\"elementor-widget-container\">\n\t\t\t\t\t\t\t\t\t<p>Por otro lado, el caucho restante de nuestros procesos se Recupera, transform\u00e1ndolo en granos de la m\u00e1s alta calidad, el cual se utiliza como materia prima en la fabricaci\u00f3n de distintos productos.<\/p>\t\t\t\t\t\t\t\t<\/div>\n\t\t\t\t<\/div>\n\t\t\t\t\t<\/div>\n\t\t<\/div>\n\t\t\t\t\t<\/div>\n\t\t<\/section>\n\t\t\t\t<\/div>\n\t\t","protected":false},"excerpt":{"rendered":"<p>Econom\u00eda Circular En Bailac, nuestra esencia se alinea con la econom\u00eda circular y la Ley REP, promoviendo el recauchaje y reparaci\u00f3n de neum\u00e1ticos para minimizar residuos y conservar recursos. Nos comprometemos con pr\u00e1cticas sostenibles, demostrando que la responsabilidad ambiental y la eficiencia operativa pueden ir de la mano. Procesos https:\/\/www.youtube.com\/watch?v=5CLz0VYqpnc&#038;feature=youtu.be En nuestras plantas\u00a0extendemos el ciclo [&hellip;]<\/p>\n","protected":false},"author":1,"featured_media":0,"parent":0,"menu_order":0,"comment_status":"closed","ping_status":"closed","template":"elementor_header_footer","meta":{"_acf_changed":false,"inline_featured_image":false,"footnotes":""},"class_list":["post-956","page","type-page","status-publish","hentry"],"acf":[],"yoast_head":"<!-- This site is optimized with the Yoast SEO plugin v26.1 - https:\/\/yoast.com\/wordpress\/plugins\/seo\/ -->\n<title>Econom\u00eda Circular - BAILAC Recauchajes<\/title>\n<meta name=\"robots\" content=\"index, follow, max-snippet:-1, max-image-preview:large, max-video-preview:-1\" \/>\n<link rel=\"canonical\" href=\"https:\/\/recauchajesminerosbailac.cl\/web\/economia-circular\/\" \/>\n<meta property=\"og:locale\" content=\"es_ES\" \/>\n<meta property=\"og:type\" content=\"article\" \/>\n<meta property=\"og:title\" content=\"Econom\u00eda Circular - BAILAC Recauchajes\" \/>\n<meta property=\"og:description\" content=\"Econom\u00eda Circular En Bailac, nuestra esencia se alinea con la econom\u00eda circular y la Ley REP, promoviendo el recauchaje y reparaci\u00f3n de neum\u00e1ticos para minimizar residuos y conservar recursos. Nos comprometemos con pr\u00e1cticas sostenibles, demostrando que la responsabilidad ambiental y la eficiencia operativa pueden ir de la mano. Procesos https:\/\/www.youtube.com\/watch?v=5CLz0VYqpnc&#038;feature=youtu.be En nuestras plantas\u00a0extendemos el ciclo [&hellip;]\" \/>\n<meta property=\"og:url\" content=\"https:\/\/recauchajesminerosbailac.cl\/web\/economia-circular\/\" \/>\n<meta property=\"og:site_name\" content=\"BAILAC Recauchajes\" \/>\n<meta property=\"article:modified_time\" content=\"2024-08-13T02:55:04+00:00\" \/>\n<meta property=\"og:image\" content=\"https:\/\/recauchajesminerosbailac.cl\/web\/wp-content\/uploads\/2024\/07\/WhatsApp-Image-2024-07-18-at-15.10.18-e1721347156392.jpeg\" \/>\n\t<meta property=\"og:image:width\" content=\"1200\" \/>\n\t<meta property=\"og:image:height\" content=\"630\" \/>\n\t<meta property=\"og:image:type\" content=\"image\/jpeg\" \/>\n<meta name=\"twitter:card\" content=\"summary_large_image\" \/>\n<meta name=\"twitter:label1\" content=\"Tiempo estimado de lectura\" \/>\n\t<meta name=\"twitter:data1\" content=\"1 minuto\" \/>\n<script type=\"application\/ld+json\" class=\"yoast-schema-graph\">{\"@context\":\"https:\/\/schema.org\",\"@graph\":[{\"@type\":\"WebPage\",\"@id\":\"https:\/\/recauchajesminerosbailac.cl\/web\/economia-circular\/\",\"url\":\"https:\/\/recauchajesminerosbailac.cl\/web\/economia-circular\/\",\"name\":\"Econom\u00eda Circular - BAILAC Recauchajes\",\"isPartOf\":{\"@id\":\"https:\/\/recauchajesminerosbailac.cl\/web\/#website\"},\"datePublished\":\"2024-04-10T23:38:47+00:00\",\"dateModified\":\"2024-08-13T02:55:04+00:00\",\"breadcrumb\":{\"@id\":\"https:\/\/recauchajesminerosbailac.cl\/web\/economia-circular\/#breadcrumb\"},\"inLanguage\":\"es-CL\",\"potentialAction\":[{\"@type\":\"ReadAction\",\"target\":[\"https:\/\/recauchajesminerosbailac.cl\/web\/economia-circular\/\"]}]},{\"@type\":\"BreadcrumbList\",\"@id\":\"https:\/\/recauchajesminerosbailac.cl\/web\/economia-circular\/#breadcrumb\",\"itemListElement\":[{\"@type\":\"ListItem\",\"position\":1,\"name\":\"Portada\",\"item\":\"https:\/\/recauchajesminerosbailac.cl\/web\/\"},{\"@type\":\"ListItem\",\"position\":2,\"name\":\"Econom\u00eda Circular\"}]},{\"@type\":\"WebSite\",\"@id\":\"https:\/\/recauchajesminerosbailac.cl\/web\/#website\",\"url\":\"https:\/\/recauchajesminerosbailac.cl\/web\/\",\"name\":\"BAILAC Recauchajes\",\"description\":\"\",\"publisher\":{\"@id\":\"https:\/\/recauchajesminerosbailac.cl\/web\/#organization\"},\"potentialAction\":[{\"@type\":\"SearchAction\",\"target\":{\"@type\":\"EntryPoint\",\"urlTemplate\":\"https:\/\/recauchajesminerosbailac.cl\/web\/?s={search_term_string}\"},\"query-input\":{\"@type\":\"PropertyValueSpecification\",\"valueRequired\":true,\"valueName\":\"search_term_string\"}}],\"inLanguage\":\"es-CL\"},{\"@type\":\"Organization\",\"@id\":\"https:\/\/recauchajesminerosbailac.cl\/web\/#organization\",\"name\":\"BAILAC Recauchajes\",\"url\":\"https:\/\/recauchajesminerosbailac.cl\/web\/\",\"logo\":{\"@type\":\"ImageObject\",\"inLanguage\":\"es-CL\",\"@id\":\"https:\/\/recauchajesminerosbailac.cl\/web\/#\/schema\/logo\/image\/\",\"url\":\"https:\/\/recauchajesminerosbailac.cl\/web\/wp-content\/uploads\/2024\/07\/WhatsApp-Image-2024-07-18-at-15.10.18-e1721347156392.jpeg\",\"contentUrl\":\"https:\/\/recauchajesminerosbailac.cl\/web\/wp-content\/uploads\/2024\/07\/WhatsApp-Image-2024-07-18-at-15.10.18-e1721347156392.jpeg\",\"width\":1200,\"height\":630,\"caption\":\"BAILAC Recauchajes\"},\"image\":{\"@id\":\"https:\/\/recauchajesminerosbailac.cl\/web\/#\/schema\/logo\/image\/\"}}]}<\/script>\n<!-- \/ Yoast SEO plugin. -->","yoast_head_json":{"title":"Econom\u00eda Circular - BAILAC Recauchajes","robots":{"index":"index","follow":"follow","max-snippet":"max-snippet:-1","max-image-preview":"max-image-preview:large","max-video-preview":"max-video-preview:-1"},"canonical":"https:\/\/recauchajesminerosbailac.cl\/web\/economia-circular\/","og_locale":"es_ES","og_type":"article","og_title":"Econom\u00eda Circular - BAILAC Recauchajes","og_description":"Econom\u00eda Circular En Bailac, nuestra esencia se alinea con la econom\u00eda circular y la Ley REP, promoviendo el recauchaje y reparaci\u00f3n de neum\u00e1ticos para minimizar residuos y conservar recursos. Nos comprometemos con pr\u00e1cticas sostenibles, demostrando que la responsabilidad ambiental y la eficiencia operativa pueden ir de la mano. Procesos https:\/\/www.youtube.com\/watch?v=5CLz0VYqpnc&#038;feature=youtu.be En nuestras plantas\u00a0extendemos el ciclo [&hellip;]","og_url":"https:\/\/recauchajesminerosbailac.cl\/web\/economia-circular\/","og_site_name":"BAILAC Recauchajes","article_modified_time":"2024-08-13T02:55:04+00:00","og_image":[{"width":1200,"height":630,"url":"https:\/\/recauchajesminerosbailac.cl\/web\/wp-content\/uploads\/2024\/07\/WhatsApp-Image-2024-07-18-at-15.10.18-e1721347156392.jpeg","type":"image\/jpeg"}],"twitter_card":"summary_large_image","twitter_misc":{"Tiempo estimado de lectura":"1 minuto"},"schema":{"@context":"https:\/\/schema.org","@graph":[{"@type":"WebPage","@id":"https:\/\/recauchajesminerosbailac.cl\/web\/economia-circular\/","url":"https:\/\/recauchajesminerosbailac.cl\/web\/economia-circular\/","name":"Econom\u00eda Circular - BAILAC Recauchajes","isPartOf":{"@id":"https:\/\/recauchajesminerosbailac.cl\/web\/#website"},"datePublished":"2024-04-10T23:38:47+00:00","dateModified":"2024-08-13T02:55:04+00:00","breadcrumb":{"@id":"https:\/\/recauchajesminerosbailac.cl\/web\/economia-circular\/#breadcrumb"},"inLanguage":"es-CL","potentialAction":[{"@type":"ReadAction","target":["https:\/\/recauchajesminerosbailac.cl\/web\/economia-circular\/"]}]},{"@type":"BreadcrumbList","@id":"https:\/\/recauchajesminerosbailac.cl\/web\/economia-circular\/#breadcrumb","itemListElement":[{"@type":"ListItem","position":1,"name":"Portada","item":"https:\/\/recauchajesminerosbailac.cl\/web\/"},{"@type":"ListItem","position":2,"name":"Econom\u00eda Circular"}]},{"@type":"WebSite","@id":"https:\/\/recauchajesminerosbailac.cl\/web\/#website","url":"https:\/\/recauchajesminerosbailac.cl\/web\/","name":"BAILAC Recauchajes","description":"","publisher":{"@id":"https:\/\/recauchajesminerosbailac.cl\/web\/#organization"},"potentialAction":[{"@type":"SearchAction","target":{"@type":"EntryPoint","urlTemplate":"https:\/\/recauchajesminerosbailac.cl\/web\/?s={search_term_string}"},"query-input":{"@type":"PropertyValueSpecification","valueRequired":true,"valueName":"search_term_string"}}],"inLanguage":"es-CL"},{"@type":"Organization","@id":"https:\/\/recauchajesminerosbailac.cl\/web\/#organization","name":"BAILAC Recauchajes","url":"https:\/\/recauchajesminerosbailac.cl\/web\/","logo":{"@type":"ImageObject","inLanguage":"es-CL","@id":"https:\/\/recauchajesminerosbailac.cl\/web\/#\/schema\/logo\/image\/","url":"https:\/\/recauchajesminerosbailac.cl\/web\/wp-content\/uploads\/2024\/07\/WhatsApp-Image-2024-07-18-at-15.10.18-e1721347156392.jpeg","contentUrl":"https:\/\/recauchajesminerosbailac.cl\/web\/wp-content\/uploads\/2024\/07\/WhatsApp-Image-2024-07-18-at-15.10.18-e1721347156392.jpeg","width":1200,"height":630,"caption":"BAILAC Recauchajes"},"image":{"@id":"https:\/\/recauchajesminerosbailac.cl\/web\/#\/schema\/logo\/image\/"}}]}},"_links":{"self":[{"href":"https:\/\/recauchajesminerosbailac.cl\/web\/wp-json\/wp\/v2\/pages\/956","targetHints":{"allow":["GET"]}}],"collection":[{"href":"https:\/\/recauchajesminerosbailac.cl\/web\/wp-json\/wp\/v2\/pages"}],"about":[{"href":"https:\/\/recauchajesminerosbailac.cl\/web\/wp-json\/wp\/v2\/types\/page"}],"author":[{"embeddable":true,"href":"https:\/\/recauchajesminerosbailac.cl\/web\/wp-json\/wp\/v2\/users\/1"}],"replies":[{"embeddable":true,"href":"https:\/\/recauchajesminerosbailac.cl\/web\/wp-json\/wp\/v2\/comments?post=956"}],"version-history":[{"count":25,"href":"https:\/\/recauchajesminerosbailac.cl\/web\/wp-json\/wp\/v2\/pages\/956\/revisions"}],"predecessor-version":[{"id":2564,"href":"https:\/\/recauchajesminerosbailac.cl\/web\/wp-json\/wp\/v2\/pages\/956\/revisions\/2564"}],"wp:attachment":[{"href":"https:\/\/recauchajesminerosbailac.cl\/web\/wp-json\/wp\/v2\/media?parent=956"}],"curies":[{"name":"wp","href":"https:\/\/api.w.org\/{rel}","templated":true}]}}