{"id":2645,"date":"2025-10-07T12:07:35","date_gmt":"2025-10-07T15:07:35","guid":{"rendered":"https:\/\/recauchajesminerosbailac.cl\/web\/?page_id=2645"},"modified":"2025-10-07T14:31:02","modified_gmt":"2025-10-07T17:31:02","slug":"politica-integral","status":"publish","type":"page","link":"https:\/\/recauchajesminerosbailac.cl\/web\/politica-integral\/","title":{"rendered":"Pol\u00edtica Integral"},"content":{"rendered":"\t\t<div data-elementor-type=\"wp-page\" data-elementor-id=\"2645\" class=\"elementor elementor-2645\" data-elementor-post-type=\"page\">\n\t\t\t\t\t\t<section class=\"elementor-section elementor-top-section elementor-element elementor-element-a2b9e86 elementor-section-boxed elementor-section-height-default elementor-section-height-default\" data-id=\"a2b9e86\" data-element_type=\"section\" data-settings=\"{&quot;background_background&quot;:&quot;classic&quot;}\">\n\t\t\t\t\t\t\t<div class=\"elementor-background-overlay\"><\/div>\n\t\t\t\t\t\t\t<div class=\"elementor-container elementor-column-gap-default\">\n\t\t\t\t\t<div class=\"elementor-column elementor-col-100 elementor-top-column elementor-element elementor-element-0db2968\" data-id=\"0db2968\" data-element_type=\"column\" data-settings=\"{&quot;background_background&quot;:&quot;classic&quot;}\">\n\t\t\t<div class=\"elementor-widget-wrap elementor-element-populated\">\n\t\t\t\t\t\t<section class=\"elementor-section elementor-inner-section elementor-element elementor-element-5d845fe elementor-section-boxed elementor-section-height-default elementor-section-height-default elementor-invisible\" data-id=\"5d845fe\" data-element_type=\"section\" data-settings=\"{&quot;background_background&quot;:&quot;classic&quot;,&quot;animation&quot;:&quot;zoomIn&quot;}\">\n\t\t\t\t\t\t<div class=\"elementor-container elementor-column-gap-default\">\n\t\t\t\t\t<div class=\"elementor-column elementor-col-100 elementor-inner-column elementor-element elementor-element-f6dd514\" data-id=\"f6dd514\" data-element_type=\"column\">\n\t\t\t<div class=\"elementor-widget-wrap elementor-element-populated\">\n\t\t\t\t\t\t<div class=\"elementor-element elementor-element-4805f9c animated-fast elementor-invisible elementor-widget elementor-widget-heading\" data-id=\"4805f9c\" data-element_type=\"widget\" data-settings=\"{&quot;_animation&quot;:&quot;fadeInDown&quot;,&quot;_animation_delay&quot;:400}\" data-widget_type=\"heading.default\">\n\t\t\t\t<div class=\"elementor-widget-container\">\n\t\t\t\t\t<h1 class=\"elementor-heading-title elementor-size-default\">Pol\u00edtica Integral<\/h1>\t\t\t\t<\/div>\n\t\t\t\t<\/div>\n\t\t\t\t<div class=\"elementor-element elementor-element-1512e75 elementor-widget-divider--view-line elementor-invisible elementor-widget elementor-widget-divider\" data-id=\"1512e75\" data-element_type=\"widget\" data-settings=\"{&quot;_animation&quot;:&quot;fadeIn&quot;}\" data-widget_type=\"divider.default\">\n\t\t\t\t<div class=\"elementor-widget-container\">\n\t\t\t\t\t\t\t<div class=\"elementor-divider\">\n\t\t\t<span class=\"elementor-divider-separator\">\n\t\t\t\t\t\t<\/span>\n\t\t<\/div>\n\t\t\t\t\t\t<\/div>\n\t\t\t\t<\/div>\n\t\t\t\t\t<\/div>\n\t\t<\/div>\n\t\t\t\t\t<\/div>\n\t\t<\/section>\n\t\t\t\t\t<\/div>\n\t\t<\/div>\n\t\t\t\t\t<\/div>\n\t\t<\/section>\n\t\t\t\t<section class=\"elementor-section elementor-top-section elementor-element elementor-element-f47a94c elementor-section-content-middle elementor-reverse-tablet elementor-reverse-mobile elementor-section-boxed elementor-section-height-default elementor-section-height-default\" data-id=\"f47a94c\" data-element_type=\"section\">\n\t\t\t\t\t\t<div class=\"elementor-container elementor-column-gap-default\">\n\t\t\t\t\t<div class=\"elementor-column elementor-col-50 elementor-top-column elementor-element elementor-element-4bcb1fb elementor-invisible\" data-id=\"4bcb1fb\" data-element_type=\"column\" data-settings=\"{&quot;animation&quot;:&quot;fadeInLeft&quot;}\">\n\t\t\t<div class=\"elementor-widget-wrap elementor-element-populated\">\n\t\t\t\t\t\t<div class=\"elementor-element elementor-element-d0939cd elementor-widget elementor-widget-text-editor\" data-id=\"d0939cd\" data-element_type=\"widget\" data-widget_type=\"text-editor.default\">\n\t\t\t\t<div class=\"elementor-widget-container\">\n\t\t\t\t\t\t\t\t\t<p>Nos comprometemos permanentemente a mejorar la salud y seguridad en el trabajo de nuestros colaboradores, la protecci\u00f3n del medio ambiente y la calidad de los productos y servicios.<\/p><p>Nos comprometemos a poner toda nuestra energ\u00eda en cumplir con nuestra pol\u00edtica, objetivos integrales de seguridad y salud en el trabajo, calidad y medio ambiente.<\/p><p>Nos comprometemos a garantizar la mejora continua del sistema integrado de gesti\u00f3n. Para lograrlo, debemos:<\/p><ul><li><strong>Cumplir las expectativas y necesidades de nuestros clientes y mandantes, <\/strong>ofreciendo y garantizando la calidad, con innovaci\u00f3n en tecnolog\u00edas de los productos y servicios brindados.<\/li><\/ul><p>\u00a0<\/p><ul><li><strong>Nos comprometemos a proporcionar condiciones seguras y favorables <\/strong>para resguardar la protecci\u00f3n de la vida, salud e integridad de nuestros trabajadores, con el fin de prevenir lesiones y el deterioro de la salud relacionados con el trabajo.<\/li><\/ul><p>\u00a0<\/p><ul><li><strong>Dar cumplimiento a la legislaci\u00f3n vigente aplicable a nuestra actividad<\/strong>, as\u00ed como a los requisitos ambientales, de calidad, salud y seguridad en el trabajo de nuestros clientes, mandantes y comunidades.<\/li><\/ul><p>\u00a0<\/p><ul><li><strong>Fomentamos el cuidado de la salud f\u00edsica y mental de cada miembro de nuestra empresa<\/strong>, dando prioridad a la prevenci\u00f3n por encima de la correcci\u00f3n, y nos comprometemos a eliminar los peligros y reducir los riesgos.<\/li><\/ul><p>\u00a0<\/p><ul><li><strong>Promover mecanismos de di\u00e1logo, consulta, participaci\u00f3n y comunicaci\u00f3n en todos los niveles de la organizaci\u00f3n<\/strong>, comit\u00e9s paritarios de higiene y seguridad<strong>, <\/strong>as\u00ed como de las personas trabajadoras o sus representantes, y en todas las materias relacionadas con el cuidado, la mejora del entorno laboral en la seguridad y salud en el trabajo, promoviendo labores conjuntas y colaborativas para lograr mejoras sostenidas, con el objetivo de avanzar progresivamente hacia un entorno laboral cada vez m\u00e1s seguro, saludable y respetuoso con el medio ambiente.<\/li><\/ul><p>\u00a0<\/p><ul><li><strong>El compromiso permanentemente con la protecci\u00f3n del medio ambiente, <\/strong>previniendo la contaminaci\u00f3n y minimizando los impactos ambientales producidos como consecuencia de la actividad que desarrollamos.<\/li><\/ul><p>\u00a0<\/p><p><strong>La Gerencia General se compromete a entregar los recursos necesarios para apoyar esta pol\u00edtica<\/strong> y se compromete tambi\u00e9n a comunicarla y difundirla entre todas las partes interesadas.<\/p><p><!-- notionvc: 2b1ba00b-6cf1-4db9-8126-714c8e1bebf6 --><\/p>\t\t\t\t\t\t\t\t<\/div>\n\t\t\t\t<\/div>\n\t\t<div class=\"elementor-element elementor-element-bdf3ac0 e-flex e-con-boxed e-con e-parent\" data-id=\"bdf3ac0\" data-element_type=\"container\">\n\t\t\t\t\t<div class=\"e-con-inner\">\n\t\t<div class=\"elementor-element elementor-element-715c384 e-con-full elementor-hidden-mobile e-flex e-con e-child\" data-id=\"715c384\" data-element_type=\"container\">\n\t\t\t\t<\/div>\n\t\t<div class=\"elementor-element elementor-element-d4246c3 e-con-full e-flex e-con e-child\" data-id=\"d4246c3\" data-element_type=\"container\">\n\t\t\t\t<div class=\"elementor-element elementor-element-5efacba elementor-widget elementor-widget-text-editor\" data-id=\"5efacba\" data-element_type=\"widget\" data-widget_type=\"text-editor.default\">\n\t\t\t\t<div class=\"elementor-widget-container\">\n\t\t\t\t\t\t\t\t\t<strong>Eduardo Bailac Arriagada<\/strong><br> \u00a0 \u00a0 Gerente General\n\t\t\t\t\t\t\t\t<\/div>\n\t\t\t\t<\/div>\n\t\t\t\t<\/div>\n\t\t\t\t\t<\/div>\n\t\t\t\t<\/div>\n\t\t\t\t\t<\/div>\n\t\t<\/div>\n\t\t\t\t<div class=\"elementor-column elementor-col-50 elementor-top-column elementor-element elementor-element-d6491bd animated-slow elementor-hidden-tablet elementor-hidden-mobile elementor-invisible\" data-id=\"d6491bd\" data-element_type=\"column\" data-settings=\"{&quot;animation&quot;:&quot;fadeInRight&quot;}\">\n\t\t\t<div class=\"elementor-widget-wrap elementor-element-populated\">\n\t\t\t\t\t\t<div class=\"elementor-element elementor-element-0a40b26 elementor-widget elementor-widget-image\" data-id=\"0a40b26\" data-element_type=\"widget\" data-widget_type=\"image.default\">\n\t\t\t\t<div class=\"elementor-widget-container\">\n\t\t\t\t\t\t\t\t\t\t\t\t\t\t\t<img fetchpriority=\"high\" decoding=\"async\" width=\"800\" height=\"534\" src=\"https:\/\/recauchajesminerosbailac.cl\/web\/wp-content\/uploads\/2025\/10\/DSC8440.png\" class=\"attachment-large size-large wp-image-2688\" alt=\"\" srcset=\"https:\/\/recauchajesminerosbailac.cl\/web\/wp-content\/uploads\/2025\/10\/DSC8440.png 1024w, https:\/\/recauchajesminerosbailac.cl\/web\/wp-content\/uploads\/2025\/10\/DSC8440-300x200.png 300w, https:\/\/recauchajesminerosbailac.cl\/web\/wp-content\/uploads\/2025\/10\/DSC8440-768x512.png 768w\" sizes=\"(max-width: 800px) 100vw, 800px\" \/>\t\t\t\t\t\t\t\t\t\t\t\t\t\t\t<\/div>\n\t\t\t\t<\/div>\n\t\t\t\t<div class=\"elementor-element elementor-element-d95d449 elementor-widget elementor-widget-image\" data-id=\"d95d449\" data-element_type=\"widget\" data-widget_type=\"image.default\">\n\t\t\t\t<div class=\"elementor-widget-container\">\n\t\t\t\t\t\t\t\t\t\t\t\t\t\t\t<img decoding=\"async\" width=\"800\" height=\"991\" src=\"https:\/\/recauchajesminerosbailac.cl\/web\/wp-content\/uploads\/2025\/10\/2-827x1024.png\" class=\"attachment-large size-large wp-image-2668\" alt=\"\" srcset=\"https:\/\/recauchajesminerosbailac.cl\/web\/wp-content\/uploads\/2025\/10\/2-827x1024.png 827w, https:\/\/recauchajesminerosbailac.cl\/web\/wp-content\/uploads\/2025\/10\/2-242x300.png 242w, https:\/\/recauchajesminerosbailac.cl\/web\/wp-content\/uploads\/2025\/10\/2-768x951.png 768w, https:\/\/recauchajesminerosbailac.cl\/web\/wp-content\/uploads\/2025\/10\/2.png 864w\" sizes=\"(max-width: 800px) 100vw, 800px\" \/>\t\t\t\t\t\t\t\t\t\t\t\t\t\t\t<\/div>\n\t\t\t\t<\/div>\n\t\t\t\t<div class=\"elementor-element elementor-element-daf3fea elementor-widget elementor-widget-image\" data-id=\"daf3fea\" data-element_type=\"widget\" data-widget_type=\"image.default\">\n\t\t\t\t<div class=\"elementor-widget-container\">\n\t\t\t\t\t\t\t\t\t\t\t\t\t\t\t<img decoding=\"async\" width=\"800\" height=\"600\" src=\"https:\/\/recauchajesminerosbailac.cl\/web\/wp-content\/uploads\/2025\/10\/WhatsApp-Image-2025-02-25-at-08.46.09-1024x768.png\" class=\"attachment-large size-large wp-image-2685\" alt=\"\" srcset=\"https:\/\/recauchajesminerosbailac.cl\/web\/wp-content\/uploads\/2025\/10\/WhatsApp-Image-2025-02-25-at-08.46.09-1024x768.png 1024w, https:\/\/recauchajesminerosbailac.cl\/web\/wp-content\/uploads\/2025\/10\/WhatsApp-Image-2025-02-25-at-08.46.09-300x225.png 300w, https:\/\/recauchajesminerosbailac.cl\/web\/wp-content\/uploads\/2025\/10\/WhatsApp-Image-2025-02-25-at-08.46.09-768x576.png 768w, https:\/\/recauchajesminerosbailac.cl\/web\/wp-content\/uploads\/2025\/10\/WhatsApp-Image-2025-02-25-at-08.46.09-1536x1152.png 1536w, https:\/\/recauchajesminerosbailac.cl\/web\/wp-content\/uploads\/2025\/10\/WhatsApp-Image-2025-02-25-at-08.46.09.png 1600w\" sizes=\"(max-width: 800px) 100vw, 800px\" \/>\t\t\t\t\t\t\t\t\t\t\t\t\t\t\t<\/div>\n\t\t\t\t<\/div>\n\t\t\t\t\t<\/div>\n\t\t<\/div>\n\t\t\t\t\t<\/div>\n\t\t<\/section>\n\t\t<div class=\"elementor-element elementor-element-3bed8dd elementor-hidden-desktop e-flex e-con-boxed e-con e-parent\" data-id=\"3bed8dd\" data-element_type=\"container\">\n\t\t\t\t\t<div class=\"e-con-inner\">\n\t\t<div class=\"elementor-element elementor-element-5a27a38 e-con-full e-flex e-con e-child\" data-id=\"5a27a38\" data-element_type=\"container\">\n\t\t\t\t<div class=\"elementor-element elementor-element-38a7ba5 elementor-widget elementor-widget-image\" data-id=\"38a7ba5\" data-element_type=\"widget\" data-widget_type=\"image.default\">\n\t\t\t\t<div class=\"elementor-widget-container\">\n\t\t\t\t\t\t\t\t\t\t\t\t\t\t\t<img fetchpriority=\"high\" decoding=\"async\" width=\"800\" height=\"534\" src=\"https:\/\/recauchajesminerosbailac.cl\/web\/wp-content\/uploads\/2025\/10\/DSC8440.png\" class=\"attachment-large size-large wp-image-2688\" alt=\"\" srcset=\"https:\/\/recauchajesminerosbailac.cl\/web\/wp-content\/uploads\/2025\/10\/DSC8440.png 1024w, https:\/\/recauchajesminerosbailac.cl\/web\/wp-content\/uploads\/2025\/10\/DSC8440-300x200.png 300w, https:\/\/recauchajesminerosbailac.cl\/web\/wp-content\/uploads\/2025\/10\/DSC8440-768x512.png 768w\" sizes=\"(max-width: 800px) 100vw, 800px\" \/>\t\t\t\t\t\t\t\t\t\t\t\t\t\t\t<\/div>\n\t\t\t\t<\/div>\n\t\t\t\t<\/div>\n\t\t<div class=\"elementor-element elementor-element-a9bd68a e-con-full e-flex e-con e-child\" data-id=\"a9bd68a\" data-element_type=\"container\">\n\t\t\t\t<div class=\"elementor-element elementor-element-fcff359 elementor-widget elementor-widget-image\" data-id=\"fcff359\" data-element_type=\"widget\" data-widget_type=\"image.default\">\n\t\t\t\t<div class=\"elementor-widget-container\">\n\t\t\t\t\t\t\t\t\t\t\t\t\t\t\t<img decoding=\"async\" width=\"800\" height=\"991\" src=\"https:\/\/recauchajesminerosbailac.cl\/web\/wp-content\/uploads\/2025\/10\/2-827x1024.png\" class=\"attachment-large size-large wp-image-2668\" alt=\"\" srcset=\"https:\/\/recauchajesminerosbailac.cl\/web\/wp-content\/uploads\/2025\/10\/2-827x1024.png 827w, https:\/\/recauchajesminerosbailac.cl\/web\/wp-content\/uploads\/2025\/10\/2-242x300.png 242w, https:\/\/recauchajesminerosbailac.cl\/web\/wp-content\/uploads\/2025\/10\/2-768x951.png 768w, https:\/\/recauchajesminerosbailac.cl\/web\/wp-content\/uploads\/2025\/10\/2.png 864w\" sizes=\"(max-width: 800px) 100vw, 800px\" \/>\t\t\t\t\t\t\t\t\t\t\t\t\t\t\t<\/div>\n\t\t\t\t<\/div>\n\t\t\t\t<\/div>\n\t\t<div class=\"elementor-element elementor-element-a6e9b17 e-con-full e-flex e-con e-child\" data-id=\"a6e9b17\" data-element_type=\"container\">\n\t\t\t\t<div class=\"elementor-element elementor-element-4e167f7 elementor-widget elementor-widget-image\" data-id=\"4e167f7\" data-element_type=\"widget\" data-widget_type=\"image.default\">\n\t\t\t\t<div class=\"elementor-widget-container\">\n\t\t\t\t\t\t\t\t\t\t\t\t\t\t\t<img decoding=\"async\" width=\"800\" height=\"600\" src=\"https:\/\/recauchajesminerosbailac.cl\/web\/wp-content\/uploads\/2025\/10\/WhatsApp-Image-2025-02-25-at-08.46.09-1024x768.png\" class=\"attachment-large size-large wp-image-2685\" alt=\"\" srcset=\"https:\/\/recauchajesminerosbailac.cl\/web\/wp-content\/uploads\/2025\/10\/WhatsApp-Image-2025-02-25-at-08.46.09-1024x768.png 1024w, https:\/\/recauchajesminerosbailac.cl\/web\/wp-content\/uploads\/2025\/10\/WhatsApp-Image-2025-02-25-at-08.46.09-300x225.png 300w, https:\/\/recauchajesminerosbailac.cl\/web\/wp-content\/uploads\/2025\/10\/WhatsApp-Image-2025-02-25-at-08.46.09-768x576.png 768w, https:\/\/recauchajesminerosbailac.cl\/web\/wp-content\/uploads\/2025\/10\/WhatsApp-Image-2025-02-25-at-08.46.09-1536x1152.png 1536w, https:\/\/recauchajesminerosbailac.cl\/web\/wp-content\/uploads\/2025\/10\/WhatsApp-Image-2025-02-25-at-08.46.09.png 1600w\" sizes=\"(max-width: 800px) 100vw, 800px\" \/>\t\t\t\t\t\t\t\t\t\t\t\t\t\t\t<\/div>\n\t\t\t\t<\/div>\n\t\t\t\t<\/div>\n\t\t\t\t\t<\/div>\n\t\t\t\t<\/div>\n\t\t\t\t<\/div>\n\t\t","protected":false},"excerpt":{"rendered":"<p>Nos comprometemos permanentemente a mejorar la salud y seguridad en el trabajo de nuestros colaboradores, la protecci\u00f3n del medio ambiente y la calidad de los productos y servicios. Nos comprometemos a poner toda nuestra energ\u00eda en cumplir con nuestra pol\u00edtica, objetivos integrales de seguridad y salud en el trabajo, calidad y medio ambiente. Nos comprometemos [&hellip;]<\/p>\n","protected":false},"author":1,"featured_media":0,"parent":0,"menu_order":0,"comment_status":"closed","ping_status":"closed","template":"","meta":{"_acf_changed":false,"inline_featured_image":false,"footnotes":""},"class_list":["post-2645","page","type-page","status-publish","hentry"],"acf":[],"yoast_head":"<!-- This site is optimized with the Yoast SEO plugin v26.1 - https:\/\/yoast.com\/wordpress\/plugins\/seo\/ -->\n<title>Pol\u00edtica Integral - BAILAC Recauchajes<\/title>\n<meta name=\"robots\" content=\"index, follow, max-snippet:-1, max-image-preview:large, max-video-preview:-1\" \/>\n<link rel=\"canonical\" href=\"https:\/\/recauchajesminerosbailac.cl\/web\/politica-integral\/\" \/>\n<meta property=\"og:locale\" content=\"es_ES\" \/>\n<meta property=\"og:type\" content=\"article\" \/>\n<meta property=\"og:title\" content=\"Pol\u00edtica Integral - BAILAC Recauchajes\" \/>\n<meta property=\"og:description\" content=\"Nos comprometemos permanentemente a mejorar la salud y seguridad en el trabajo de nuestros colaboradores, la protecci\u00f3n del medio ambiente y la calidad de los productos y servicios. Nos comprometemos a poner toda nuestra energ\u00eda en cumplir con nuestra pol\u00edtica, objetivos integrales de seguridad y salud en el trabajo, calidad y medio ambiente. Nos comprometemos [&hellip;]\" \/>\n<meta property=\"og:url\" content=\"https:\/\/recauchajesminerosbailac.cl\/web\/politica-integral\/\" \/>\n<meta property=\"og:site_name\" content=\"BAILAC Recauchajes\" \/>\n<meta property=\"article:modified_time\" content=\"2025-10-07T17:31:02+00:00\" \/>\n<meta property=\"og:image\" content=\"https:\/\/recauchajesminerosbailac.cl\/web\/wp-content\/uploads\/2025\/10\/DSC8440.png\" \/>\n\t<meta property=\"og:image:width\" content=\"1024\" \/>\n\t<meta property=\"og:image:height\" content=\"683\" \/>\n\t<meta property=\"og:image:type\" content=\"image\/png\" \/>\n<meta name=\"twitter:card\" content=\"summary_large_image\" \/>\n<meta name=\"twitter:label1\" content=\"Tiempo estimado de lectura\" \/>\n\t<meta name=\"twitter:data1\" content=\"3 minutos\" \/>\n<script type=\"application\/ld+json\" class=\"yoast-schema-graph\">{\"@context\":\"https:\/\/schema.org\",\"@graph\":[{\"@type\":\"WebPage\",\"@id\":\"https:\/\/recauchajesminerosbailac.cl\/web\/politica-integral\/\",\"url\":\"https:\/\/recauchajesminerosbailac.cl\/web\/politica-integral\/\",\"name\":\"Pol\u00edtica Integral - BAILAC Recauchajes\",\"isPartOf\":{\"@id\":\"https:\/\/recauchajesminerosbailac.cl\/web\/#website\"},\"primaryImageOfPage\":{\"@id\":\"https:\/\/recauchajesminerosbailac.cl\/web\/politica-integral\/#primaryimage\"},\"image\":{\"@id\":\"https:\/\/recauchajesminerosbailac.cl\/web\/politica-integral\/#primaryimage\"},\"thumbnailUrl\":\"https:\/\/recauchajesminerosbailac.cl\/web\/wp-content\/uploads\/2025\/10\/DSC8440.png\",\"datePublished\":\"2025-10-07T15:07:35+00:00\",\"dateModified\":\"2025-10-07T17:31:02+00:00\",\"breadcrumb\":{\"@id\":\"https:\/\/recauchajesminerosbailac.cl\/web\/politica-integral\/#breadcrumb\"},\"inLanguage\":\"es-CL\",\"potentialAction\":[{\"@type\":\"ReadAction\",\"target\":[\"https:\/\/recauchajesminerosbailac.cl\/web\/politica-integral\/\"]}]},{\"@type\":\"ImageObject\",\"inLanguage\":\"es-CL\",\"@id\":\"https:\/\/recauchajesminerosbailac.cl\/web\/politica-integral\/#primaryimage\",\"url\":\"https:\/\/recauchajesminerosbailac.cl\/web\/wp-content\/uploads\/2025\/10\/DSC8440.png\",\"contentUrl\":\"https:\/\/recauchajesminerosbailac.cl\/web\/wp-content\/uploads\/2025\/10\/DSC8440.png\",\"width\":1024,\"height\":683},{\"@type\":\"BreadcrumbList\",\"@id\":\"https:\/\/recauchajesminerosbailac.cl\/web\/politica-integral\/#breadcrumb\",\"itemListElement\":[{\"@type\":\"ListItem\",\"position\":1,\"name\":\"Portada\",\"item\":\"https:\/\/recauchajesminerosbailac.cl\/web\/\"},{\"@type\":\"ListItem\",\"position\":2,\"name\":\"Pol\u00edtica Integral\"}]},{\"@type\":\"WebSite\",\"@id\":\"https:\/\/recauchajesminerosbailac.cl\/web\/#website\",\"url\":\"https:\/\/recauchajesminerosbailac.cl\/web\/\",\"name\":\"BAILAC Recauchajes\",\"description\":\"\",\"publisher\":{\"@id\":\"https:\/\/recauchajesminerosbailac.cl\/web\/#organization\"},\"potentialAction\":[{\"@type\":\"SearchAction\",\"target\":{\"@type\":\"EntryPoint\",\"urlTemplate\":\"https:\/\/recauchajesminerosbailac.cl\/web\/?s={search_term_string}\"},\"query-input\":{\"@type\":\"PropertyValueSpecification\",\"valueRequired\":true,\"valueName\":\"search_term_string\"}}],\"inLanguage\":\"es-CL\"},{\"@type\":\"Organization\",\"@id\":\"https:\/\/recauchajesminerosbailac.cl\/web\/#organization\",\"name\":\"BAILAC Recauchajes\",\"url\":\"https:\/\/recauchajesminerosbailac.cl\/web\/\",\"logo\":{\"@type\":\"ImageObject\",\"inLanguage\":\"es-CL\",\"@id\":\"https:\/\/recauchajesminerosbailac.cl\/web\/#\/schema\/logo\/image\/\",\"url\":\"https:\/\/recauchajesminerosbailac.cl\/web\/wp-content\/uploads\/2024\/07\/WhatsApp-Image-2024-07-18-at-15.10.18-e1721347156392.jpeg\",\"contentUrl\":\"https:\/\/recauchajesminerosbailac.cl\/web\/wp-content\/uploads\/2024\/07\/WhatsApp-Image-2024-07-18-at-15.10.18-e1721347156392.jpeg\",\"width\":1200,\"height\":630,\"caption\":\"BAILAC Recauchajes\"},\"image\":{\"@id\":\"https:\/\/recauchajesminerosbailac.cl\/web\/#\/schema\/logo\/image\/\"}}]}<\/script>\n<!-- \/ Yoast SEO plugin. -->","yoast_head_json":{"title":"Pol\u00edtica Integral - BAILAC Recauchajes","robots":{"index":"index","follow":"follow","max-snippet":"max-snippet:-1","max-image-preview":"max-image-preview:large","max-video-preview":"max-video-preview:-1"},"canonical":"https:\/\/recauchajesminerosbailac.cl\/web\/politica-integral\/","og_locale":"es_ES","og_type":"article","og_title":"Pol\u00edtica Integral - BAILAC Recauchajes","og_description":"Nos comprometemos permanentemente a mejorar la salud y seguridad en el trabajo de nuestros colaboradores, la protecci\u00f3n del medio ambiente y la calidad de los productos y servicios. Nos comprometemos a poner toda nuestra energ\u00eda en cumplir con nuestra pol\u00edtica, objetivos integrales de seguridad y salud en el trabajo, calidad y medio ambiente. Nos comprometemos [&hellip;]","og_url":"https:\/\/recauchajesminerosbailac.cl\/web\/politica-integral\/","og_site_name":"BAILAC Recauchajes","article_modified_time":"2025-10-07T17:31:02+00:00","og_image":[{"width":1024,"height":683,"url":"https:\/\/recauchajesminerosbailac.cl\/web\/wp-content\/uploads\/2025\/10\/DSC8440.png","type":"image\/png"}],"twitter_card":"summary_large_image","twitter_misc":{"Tiempo estimado de lectura":"3 minutos"},"schema":{"@context":"https:\/\/schema.org","@graph":[{"@type":"WebPage","@id":"https:\/\/recauchajesminerosbailac.cl\/web\/politica-integral\/","url":"https:\/\/recauchajesminerosbailac.cl\/web\/politica-integral\/","name":"Pol\u00edtica Integral - BAILAC Recauchajes","isPartOf":{"@id":"https:\/\/recauchajesminerosbailac.cl\/web\/#website"},"primaryImageOfPage":{"@id":"https:\/\/recauchajesminerosbailac.cl\/web\/politica-integral\/#primaryimage"},"image":{"@id":"https:\/\/recauchajesminerosbailac.cl\/web\/politica-integral\/#primaryimage"},"thumbnailUrl":"https:\/\/recauchajesminerosbailac.cl\/web\/wp-content\/uploads\/2025\/10\/DSC8440.png","datePublished":"2025-10-07T15:07:35+00:00","dateModified":"2025-10-07T17:31:02+00:00","breadcrumb":{"@id":"https:\/\/recauchajesminerosbailac.cl\/web\/politica-integral\/#breadcrumb"},"inLanguage":"es-CL","potentialAction":[{"@type":"ReadAction","target":["https:\/\/recauchajesminerosbailac.cl\/web\/politica-integral\/"]}]},{"@type":"ImageObject","inLanguage":"es-CL","@id":"https:\/\/recauchajesminerosbailac.cl\/web\/politica-integral\/#primaryimage","url":"https:\/\/recauchajesminerosbailac.cl\/web\/wp-content\/uploads\/2025\/10\/DSC8440.png","contentUrl":"https:\/\/recauchajesminerosbailac.cl\/web\/wp-content\/uploads\/2025\/10\/DSC8440.png","width":1024,"height":683},{"@type":"BreadcrumbList","@id":"https:\/\/recauchajesminerosbailac.cl\/web\/politica-integral\/#breadcrumb","itemListElement":[{"@type":"ListItem","position":1,"name":"Portada","item":"https:\/\/recauchajesminerosbailac.cl\/web\/"},{"@type":"ListItem","position":2,"name":"Pol\u00edtica Integral"}]},{"@type":"WebSite","@id":"https:\/\/recauchajesminerosbailac.cl\/web\/#website","url":"https:\/\/recauchajesminerosbailac.cl\/web\/","name":"BAILAC Recauchajes","description":"","publisher":{"@id":"https:\/\/recauchajesminerosbailac.cl\/web\/#organization"},"potentialAction":[{"@type":"SearchAction","target":{"@type":"EntryPoint","urlTemplate":"https:\/\/recauchajesminerosbailac.cl\/web\/?s={search_term_string}"},"query-input":{"@type":"PropertyValueSpecification","valueRequired":true,"valueName":"search_term_string"}}],"inLanguage":"es-CL"},{"@type":"Organization","@id":"https:\/\/recauchajesminerosbailac.cl\/web\/#organization","name":"BAILAC Recauchajes","url":"https:\/\/recauchajesminerosbailac.cl\/web\/","logo":{"@type":"ImageObject","inLanguage":"es-CL","@id":"https:\/\/recauchajesminerosbailac.cl\/web\/#\/schema\/logo\/image\/","url":"https:\/\/recauchajesminerosbailac.cl\/web\/wp-content\/uploads\/2024\/07\/WhatsApp-Image-2024-07-18-at-15.10.18-e1721347156392.jpeg","contentUrl":"https:\/\/recauchajesminerosbailac.cl\/web\/wp-content\/uploads\/2024\/07\/WhatsApp-Image-2024-07-18-at-15.10.18-e1721347156392.jpeg","width":1200,"height":630,"caption":"BAILAC Recauchajes"},"image":{"@id":"https:\/\/recauchajesminerosbailac.cl\/web\/#\/schema\/logo\/image\/"}}]}},"_links":{"self":[{"href":"https:\/\/recauchajesminerosbailac.cl\/web\/wp-json\/wp\/v2\/pages\/2645","targetHints":{"allow":["GET"]}}],"collection":[{"href":"https:\/\/recauchajesminerosbailac.cl\/web\/wp-json\/wp\/v2\/pages"}],"about":[{"href":"https:\/\/recauchajesminerosbailac.cl\/web\/wp-json\/wp\/v2\/types\/page"}],"author":[{"embeddable":true,"href":"https:\/\/recauchajesminerosbailac.cl\/web\/wp-json\/wp\/v2\/users\/1"}],"replies":[{"embeddable":true,"href":"https:\/\/recauchajesminerosbailac.cl\/web\/wp-json\/wp\/v2\/comments?post=2645"}],"version-history":[{"count":40,"href":"https:\/\/recauchajesminerosbailac.cl\/web\/wp-json\/wp\/v2\/pages\/2645\/revisions"}],"predecessor-version":[{"id":2715,"href":"https:\/\/recauchajesminerosbailac.cl\/web\/wp-json\/wp\/v2\/pages\/2645\/revisions\/2715"}],"wp:attachment":[{"href":"https:\/\/recauchajesminerosbailac.cl\/web\/wp-json\/wp\/v2\/media?parent=2645"}],"curies":[{"name":"wp","href":"https:\/\/api.w.org\/{rel}","templated":true}]}}